{"id":60,"date":"2024-10-05T00:00:00","date_gmt":"2023-10-05T04:26:55","guid":{"rendered":"https:\/\/wordpressthemes.live\/WCG2\/WCM38_bigshopper\/organic\/?page_id=60"},"modified":"2026-01-03T09:12:32","modified_gmt":"2026-01-03T09:12:32","slug":"faqs","status":"publish","type":"page","link":"https:\/\/herbalonline.org\/?page_id=60","title":{"rendered":"S\u0131k\u00e7a Sorulan Sorular"},"content":{"rendered":"\t\t<div data-elementor-type=\"wp-page\" data-elementor-id=\"60\" class=\"elementor elementor-60\">\n\t\t\t\t\t\t<section class=\"elementor-section elementor-top-section elementor-element elementor-element-37add0e elementor-section-boxed elementor-section-height-default elementor-section-height-default\" data-id=\"37add0e\" data-element_type=\"section\">\n\t\t\t\t\t\t<div class=\"elementor-container elementor-column-gap-no\">\n\t\t\t\t\t<div class=\"elementor-column elementor-col-50 elementor-top-column elementor-element elementor-element-a1fe2f1\" data-id=\"a1fe2f1\" data-element_type=\"column\">\n\t\t\t<div class=\"elementor-widget-wrap elementor-element-populated\">\n\t\t\t\t\t\t<div class=\"elementor-element elementor-element-73a7dbc elementor-widget elementor-widget-heading\" data-id=\"73a7dbc\" data-element_type=\"widget\" data-widget_type=\"heading.default\">\n\t\t\t\t\t<span class=\"elementor-heading-title elementor-size-default\">MERAK ETT\u0130KLER\u0130N\u0130Z<\/span>\t\t\t\t<\/div>\n\t\t\t\t<div class=\"elementor-element elementor-element-663be76 elementor-widget elementor-widget-heading\" data-id=\"663be76\" data-element_type=\"widget\" data-widget_type=\"heading.default\">\n\t\t\t\t\t<h2 class=\"elementor-heading-title elementor-size-default\">S\u0131k\u00e7a Sorulan Sorular<\/h2>\t\t\t\t<\/div>\n\t\t\t\t<div class=\"elementor-element elementor-element-13c0420 elementor-widget elementor-widget-text-editor\" data-id=\"13c0420\" data-element_type=\"widget\" data-widget_type=\"text-editor.default\">\n\t\t\t\t\t\t\t\t\t<p>Bu b\u00f6l\u00fcmde \u00fcr\u00fcnlerimiz ve hizmetlerimizle ilgili en s\u0131k merak edilen sorular\u0131n yan\u0131tlar\u0131n\u0131 bulabilirsiniz. Akla tak\u0131lan noktalar\u0131 h\u0131zl\u0131ca \u00f6\u011frenerek al\u0131\u015fveri\u015finizi daha bilin\u00e7li ve kolay \u015fekilde yapabilirsiniz.<\/p>\t\t\t\t\t\t\t\t<\/div>\n\t\t\t\t<div class=\"elementor-element elementor-element-4c8abe7 elementor-widget elementor-widget-image\" data-id=\"4c8abe7\" data-element_type=\"widget\" data-widget_type=\"image.default\">\n\t\t\t\t\t\t\t\t\t\t\t\t\t\t\t<img fetchpriority=\"high\" decoding=\"async\" width=\"1024\" height=\"1024\" src=\"https:\/\/herbalonline.org\/wp-content\/uploads\/2026\/01\/sikca-sorulan-sorular-HERBALONLINE.png\" class=\"attachment-full size-full wp-image-1322\" alt=\"\" srcset=\"https:\/\/herbalonline.org\/wp-content\/uploads\/2026\/01\/sikca-sorulan-sorular-HERBALONLINE.png 1024w, https:\/\/herbalonline.org\/wp-content\/uploads\/2026\/01\/sikca-sorulan-sorular-HERBALONLINE-300x300.png 300w, https:\/\/herbalonline.org\/wp-content\/uploads\/2026\/01\/sikca-sorulan-sorular-HERBALONLINE-150x150.png 150w, https:\/\/herbalonline.org\/wp-content\/uploads\/2026\/01\/sikca-sorulan-sorular-HERBALONLINE-768x768.png 768w, https:\/\/herbalonline.org\/wp-content\/uploads\/2026\/01\/sikca-sorulan-sorular-HERBALONLINE-228x228.png 228w, https:\/\/herbalonline.org\/wp-content\/uploads\/2026\/01\/sikca-sorulan-sorular-HERBALONLINE-600x600.png 600w, https:\/\/herbalonline.org\/wp-content\/uploads\/2026\/01\/sikca-sorulan-sorular-HERBALONLINE-100x100.png 100w, https:\/\/herbalonline.org\/wp-content\/uploads\/2026\/01\/sikca-sorulan-sorular-HERBALONLINE-96x96.png 96w, https:\/\/herbalonline.org\/wp-content\/uploads\/2026\/01\/sikca-sorulan-sorular-HERBALONLINE-460x460.png 460w\" sizes=\"(max-width: 1024px) 100vw, 1024px\" \/>\t\t\t\t\t\t\t\t\t\t\t\t\t\t\t<\/div>\n\t\t\t\t\t<\/div>\n\t\t<\/div>\n\t\t\t\t<div class=\"elementor-column elementor-col-50 elementor-top-column elementor-element elementor-element-9580639\" data-id=\"9580639\" data-element_type=\"column\">\n\t\t\t<div class=\"elementor-widget-wrap elementor-element-populated\">\n\t\t\t\t\t\t<div class=\"elementor-element elementor-element-7315bd5 elementor-widget elementor-widget-heading\" data-id=\"7315bd5\" data-element_type=\"widget\" data-widget_type=\"heading.default\">\n\t\t\t\t\t<h5 class=\"elementor-heading-title elementor-size-default\">Size nas\u0131l yard\u0131mc\u0131 olabiliriz?<\/h5>\t\t\t\t<\/div>\n\t\t\t\t<div class=\"elementor-element elementor-element-286b039 elementor-widget elementor-widget-text-editor\" data-id=\"286b039\" data-element_type=\"widget\" data-widget_type=\"text-editor.default\">\n\t\t\t\t\t\t\t\t\t<p>Sorular\u0131n\u0131z\u0131 yan\u0131tlamak, do\u011fru \u00fcr\u00fcn\u00fc se\u00e7menize yard\u0131mc\u0131 olmak ve sipari\u015f s\u00fcrecinizi kolayla\u015ft\u0131rmak i\u00e7in buraday\u0131z.<\/p>\t\t\t\t\t\t\t\t<\/div>\n\t\t\t\t<div class=\"elementor-element elementor-element-42740e3 elementor-widget elementor-widget-spacer\" data-id=\"42740e3\" data-element_type=\"widget\" data-widget_type=\"spacer.default\">\n\t\t\t\t\t\t\t<div class=\"elementor-spacer\">\n\t\t\t<div class=\"elementor-spacer-inner\"><\/div>\n\t\t<\/div>\n\t\t\t\t\t\t<\/div>\n\t\t\t\t<div class=\"elementor-element elementor-element-6e0d260 elementor-widget elementor-widget-heading\" data-id=\"6e0d260\" data-element_type=\"widget\" data-widget_type=\"heading.default\">\n\t\t\t\t\t<h5 class=\"elementor-heading-title elementor-size-default\">\u0130ade Politikas\u0131 nedir?<\/h5>\t\t\t\t<\/div>\n\t\t\t\t<div class=\"elementor-element elementor-element-1ce1de6 elementor-widget elementor-widget-text-editor\" data-id=\"1ce1de6\" data-element_type=\"widget\" data-widget_type=\"text-editor.default\">\n\t\t\t\t\t\t\t\t\t<p>\u00dcr\u00fcnlerimizle ilgili herhangi bir sorun ya\u015farsan\u0131z, iade talebinde bulunmadan \u00f6nce bizimle ileti\u015fime ge\u00e7menizi \u00f6neriyoruz. Size en uygun \u00e7\u00f6z\u00fcm\u00fc sunarak memnuniyetinizi sa\u011flamay\u0131 hedefliyoruz.<\/p>\t\t\t\t\t\t\t\t<\/div>\n\t\t\t\t<div class=\"elementor-element elementor-element-7311420 elementor-widget elementor-widget-spacer\" data-id=\"7311420\" data-element_type=\"widget\" data-widget_type=\"spacer.default\">\n\t\t\t\t\t\t\t<div class=\"elementor-spacer\">\n\t\t\t<div class=\"elementor-spacer-inner\"><\/div>\n\t\t<\/div>\n\t\t\t\t\t\t<\/div>\n\t\t\t\t<div class=\"elementor-element elementor-element-f45d413 elementor-widget elementor-widget-heading\" data-id=\"f45d413\" data-element_type=\"widget\" data-widget_type=\"heading.default\">\n\t\t\t\t\t<h5 class=\"elementor-heading-title elementor-size-default\">Hangi \u00f6deme y\u00f6ntemlerini kabul ediyoruz?<\/h5>\t\t\t\t<\/div>\n\t\t\t\t<div class=\"elementor-element elementor-element-e453eac elementor-widget elementor-widget-text-editor\" data-id=\"e453eac\" data-element_type=\"widget\" data-widget_type=\"text-editor.default\">\n\t\t\t\t\t\t\t\t\t<p>\u00d6demeleriniz Yap\u0131 Kredi destekli POSNET altyap\u0131s\u0131 \u00fczerinden g\u00fcvenle al\u0131nmaktad\u0131r. 3D Secure sistemi sayesinde al\u0131\u015fveri\u015flerinizi g\u00fcvenli \u015fekilde tamamlayabilir, bankan\u0131z\u0131n sundu\u011fu taksit se\u00e7eneklerinden faydalanabilirsiniz.<\/p>\t\t\t\t\t\t\t\t<\/div>\n\t\t\t\t<div class=\"elementor-element elementor-element-d39a2d8 elementor-widget elementor-widget-spacer\" data-id=\"d39a2d8\" data-element_type=\"widget\" data-widget_type=\"spacer.default\">\n\t\t\t\t\t\t\t<div class=\"elementor-spacer\">\n\t\t\t<div class=\"elementor-spacer-inner\"><\/div>\n\t\t<\/div>\n\t\t\t\t\t\t<\/div>\n\t\t\t\t<div class=\"elementor-element elementor-element-9435594 elementor-widget elementor-widget-heading\" data-id=\"9435594\" data-element_type=\"widget\" data-widget_type=\"heading.default\">\n\t\t\t\t\t<h5 class=\"elementor-heading-title elementor-size-default\">WhatsApp Destek Hatt\u0131.<\/h5>\t\t\t\t<\/div>\n\t\t\t\t<div class=\"elementor-element elementor-element-cb473b1 elementor-widget elementor-widget-text-editor\" data-id=\"cb473b1\" data-element_type=\"widget\" data-widget_type=\"text-editor.default\">\n\t\t\t\t\t\t\t\t\t<p>Akl\u0131n\u0131za tak\u0131lan her konuda bize WhatsApp \u00fczerinden ula\u015fabilirsiniz. Ekibimiz size en k\u0131sa s\u00fcrede yard\u0131mc\u0131 olacakt\u0131r.\u201d<\/p>\t\t\t\t\t\t\t\t<\/div>\n\t\t\t\t\t<\/div>\n\t\t<\/div>\n\t\t\t\t\t<\/div>\n\t\t<\/section>\n\t\t\t\t<section class=\"elementor-section elementor-top-section elementor-element elementor-element-3a27d36 elementor-section-boxed elementor-section-height-default elementor-section-height-default\" data-id=\"3a27d36\" data-element_type=\"section\">\n\t\t\t\t\t\t<div class=\"elementor-container elementor-column-gap-default\">\n\t\t\t\t\t<div class=\"elementor-column elementor-col-33 elementor-top-column elementor-element elementor-element-aa173da\" data-id=\"aa173da\" data-element_type=\"column\" data-settings=\"{&quot;background_background&quot;:&quot;classic&quot;}\">\n\t\t\t<div class=\"elementor-widget-wrap elementor-element-populated\">\n\t\t\t\t\t\t<div class=\"elementor-element elementor-element-3602834 elementor-view-default elementor-position-top elementor-mobile-position-top elementor-widget elementor-widget-icon-box\" data-id=\"3602834\" data-element_type=\"widget\" data-widget_type=\"icon-box.default\">\n\t\t\t\t\t\t\t<div class=\"elementor-icon-box-wrapper\">\n\n\t\t\t\t\t\t<div class=\"elementor-icon-box-icon\">\n\t\t\t\t<a href=\"#\" class=\"elementor-icon elementor-animation-wobble-vertical\" tabindex=\"-1\" aria-label=\"Online Destek\">\n\t\t\t\t<svg aria-hidden=\"true\" class=\"e-font-icon-svg e-far-check-square\" viewBox=\"0 0 448 512\" xmlns=\"http:\/\/www.w3.org\/2000\/svg\"><path d=\"M400 32H48C21.49 32 0 53.49 0 80v352c0 26.51 21.49 48 48 48h352c26.51 0 48-21.49 48-48V80c0-26.51-21.49-48-48-48zm0 400H48V80h352v352zm-35.864-241.724L191.547 361.48c-4.705 4.667-12.303 4.637-16.97-.068l-90.781-91.516c-4.667-4.705-4.637-12.303.069-16.971l22.719-22.536c4.705-4.667 12.303-4.637 16.97.069l59.792 60.277 141.352-140.216c4.705-4.667 12.303-4.637 16.97.068l22.536 22.718c4.667 4.706 4.637 12.304-.068 16.971z\"><\/path><\/svg>\t\t\t\t<\/a>\n\t\t\t<\/div>\n\t\t\t\n\t\t\t\t\t\t<div class=\"elementor-icon-box-content\">\n\n\t\t\t\t\t\t\t\t\t<h4 class=\"elementor-icon-box-title\">\n\t\t\t\t\t\t<a href=\"#\" >\n\t\t\t\t\t\t\tOnline Destek\t\t\t\t\t\t<\/a>\n\t\t\t\t\t<\/h4>\n\t\t\t\t\n\t\t\t\t\t\t\t\t\t<p class=\"elementor-icon-box-description\">\n\t\t\t\t\t\tOnline Destek ve Ko\u00e7luk hizmetimizle her an yan\u0131n\u0131zday\u0131z. \u00dcr\u00fcnlerimizi g\u00fcvenle kullanman\u0131z ve hedeflerinize ula\u015fman\u0131z i\u00e7in canl\u0131 destek hatt\u0131m\u0131zdan bize ula\u015fabilir, ki\u015fisel ko\u00e7luk programlar\u0131m\u0131zla yolunuzu birlikte \u015fekillendirebilirsiniz.\t\t\t\t\t<\/p>\n\t\t\t\t\n\t\t\t<\/div>\n\t\t\t\n\t\t<\/div>\n\t\t\t\t\t\t<\/div>\n\t\t\t\t\t<\/div>\n\t\t<\/div>\n\t\t\t\t<div class=\"elementor-column elementor-col-33 elementor-top-column elementor-element elementor-element-9c5e5a0\" data-id=\"9c5e5a0\" data-element_type=\"column\" data-settings=\"{&quot;background_background&quot;:&quot;classic&quot;}\">\n\t\t\t<div class=\"elementor-widget-wrap elementor-element-populated\">\n\t\t\t\t\t\t<div class=\"elementor-element elementor-element-3653d93 elementor-view-default elementor-position-top elementor-mobile-position-top elementor-widget elementor-widget-icon-box\" data-id=\"3653d93\" data-element_type=\"widget\" data-widget_type=\"icon-box.default\">\n\t\t\t\t\t\t\t<div class=\"elementor-icon-box-wrapper\">\n\n\t\t\t\t\t\t<div class=\"elementor-icon-box-icon\">\n\t\t\t\t<a href=\"#\" class=\"elementor-icon elementor-animation-wobble-vertical\" tabindex=\"-1\" aria-label=\"Bize mesaj g\u00f6nderin\">\n\t\t\t\t<svg aria-hidden=\"true\" class=\"e-font-icon-svg e-far-comment\" viewBox=\"0 0 512 512\" xmlns=\"http:\/\/www.w3.org\/2000\/svg\"><path d=\"M256 32C114.6 32 0 125.1 0 240c0 47.6 19.9 91.2 52.9 126.3C38 405.7 7 439.1 6.5 439.5c-6.6 7-8.4 17.2-4.6 26S14.4 480 24 480c61.5 0 110-25.7 139.1-46.3C192 442.8 223.2 448 256 448c141.4 0 256-93.1 256-208S397.4 32 256 32zm0 368c-26.7 0-53.1-4.1-78.4-12.1l-22.7-7.2-19.5 13.8c-14.3 10.1-33.9 21.4-57.5 29 7.3-12.1 14.4-25.7 19.9-40.2l10.6-28.1-20.6-21.8C69.7 314.1 48 282.2 48 240c0-88.2 93.3-160 208-160s208 71.8 208 160-93.3 160-208 160z\"><\/path><\/svg>\t\t\t\t<\/a>\n\t\t\t<\/div>\n\t\t\t\n\t\t\t\t\t\t<div class=\"elementor-icon-box-content\">\n\n\t\t\t\t\t\t\t\t\t<h4 class=\"elementor-icon-box-title\">\n\t\t\t\t\t\t<a href=\"#\" >\n\t\t\t\t\t\t\tBize mesaj g\u00f6nderin\t\t\t\t\t\t<\/a>\n\t\t\t\t\t<\/h4>\n\t\t\t\t\n\t\t\t\t\t\t\t\t\t<p class=\"elementor-icon-box-description\">\n\t\t\t\t\t\tSorular\u0131n\u0131z\u0131 ve taleplerinizi bize iletmek i\u00e7in WHATSAPP DESTEK HATTI ya da \u0130NSTAGRAM MESAJ KUTUSUNU kullanabilirsiniz. Ekibimiz en k\u0131sa s\u00fcrede size d\u00f6n\u00fc\u015f yapacakt\u0131r.\t\t\t\t\t<\/p>\n\t\t\t\t\n\t\t\t<\/div>\n\t\t\t\n\t\t<\/div>\n\t\t\t\t\t\t<\/div>\n\t\t\t\t\t<\/div>\n\t\t<\/div>\n\t\t\t\t<div class=\"elementor-column elementor-col-33 elementor-top-column elementor-element elementor-element-94e01e7\" data-id=\"94e01e7\" data-element_type=\"column\" data-settings=\"{&quot;background_background&quot;:&quot;classic&quot;}\">\n\t\t\t<div class=\"elementor-widget-wrap elementor-element-populated\">\n\t\t\t\t\t\t<div class=\"elementor-element elementor-element-e6f9c68 elementor-view-default elementor-position-top elementor-mobile-position-top elementor-widget elementor-widget-icon-box\" data-id=\"e6f9c68\" data-element_type=\"widget\" data-widget_type=\"icon-box.default\">\n\t\t\t\t\t\t\t<div class=\"elementor-icon-box-wrapper\">\n\n\t\t\t\t\t\t<div class=\"elementor-icon-box-icon\">\n\t\t\t\t<a href=\"#\" class=\"elementor-icon elementor-animation-wobble-vertical\" tabindex=\"-1\" aria-label=\"G\u00fcvenilir deneyim\">\n\t\t\t\t<svg aria-hidden=\"true\" class=\"e-font-icon-svg e-far-user\" viewBox=\"0 0 448 512\" xmlns=\"http:\/\/www.w3.org\/2000\/svg\"><path d=\"M313.6 304c-28.7 0-42.5 16-89.6 16-47.1 0-60.8-16-89.6-16C60.2 304 0 364.2 0 438.4V464c0 26.5 21.5 48 48 48h352c26.5 0 48-21.5 48-48v-25.6c0-74.2-60.2-134.4-134.4-134.4zM400 464H48v-25.6c0-47.6 38.8-86.4 86.4-86.4 14.6 0 38.3 16 89.6 16 51.7 0 74.9-16 89.6-16 47.6 0 86.4 38.8 86.4 86.4V464zM224 288c79.5 0 144-64.5 144-144S303.5 0 224 0 80 64.5 80 144s64.5 144 144 144zm0-240c52.9 0 96 43.1 96 96s-43.1 96-96 96-96-43.1-96-96 43.1-96 96-96z\"><\/path><\/svg>\t\t\t\t<\/a>\n\t\t\t<\/div>\n\t\t\t\n\t\t\t\t\t\t<div class=\"elementor-icon-box-content\">\n\n\t\t\t\t\t\t\t\t\t<h4 class=\"elementor-icon-box-title\">\n\t\t\t\t\t\t<a href=\"#\" >\n\t\t\t\t\t\t\tG\u00fcvenilir deneyim\t\t\t\t\t\t<\/a>\n\t\t\t\t\t<\/h4>\n\t\t\t\t\n\t\t\t\t\t\t\t\t\t<p class=\"elementor-icon-box-description\">\n\t\t\t\t\t\tBizimle yapt\u0131\u011f\u0131n\u0131z her al\u0131\u015fveri\u015fte g\u00fcvenli \u00f6deme, \u015feffaf s\u00fcre\u00e7 ve m\u00fc\u015fteri memnuniyeti \u00f6nceli\u011fimizdir.\t\t\t\t\t<\/p>\n\t\t\t\t\n\t\t\t<\/div>\n\t\t\t\n\t\t<\/div>\n\t\t\t\t\t\t<\/div>\n\t\t\t\t\t<\/div>\n\t\t<\/div>\n\t\t\t\t\t<\/div>\n\t\t<\/section>\n\t\t\t\t<section class=\"elementor-section elementor-top-section elementor-element elementor-element-ae2ca13 elementor-section-boxed elementor-section-height-default elementor-section-height-default\" data-id=\"ae2ca13\" data-element_type=\"section\">\n\t\t\t\t\t\t<div class=\"elementor-container elementor-column-gap-no\">\n\t\t\t\t\t<div class=\"elementor-column elementor-col-100 elementor-top-column elementor-element elementor-element-d97da73\" data-id=\"d97da73\" data-element_type=\"column\">\n\t\t\t<div class=\"elementor-widget-wrap elementor-element-populated\">\n\t\t\t\t\t\t<div class=\"elementor-element elementor-element-8dd839f elementor-widget elementor-widget-heading\" data-id=\"8dd839f\" data-element_type=\"widget\" data-widget_type=\"heading.default\">\n\t\t\t\t\t<span class=\"elementor-heading-title elementor-size-default\">FAQ\n<\/span>\t\t\t\t<\/div>\n\t\t\t\t<div class=\"elementor-element elementor-element-e101836 elementor-widget elementor-widget-heading\" data-id=\"e101836\" data-element_type=\"widget\" data-widget_type=\"heading.default\">\n\t\t\t\t\t<h2 class=\"elementor-heading-title elementor-size-default\">SSS<\/h2>\t\t\t\t<\/div>\n\t\t\t\t<div class=\"elementor-element elementor-element-bdf07da elementor-widget__width-initial elementor-widget elementor-widget-accordion\" data-id=\"bdf07da\" data-element_type=\"widget\" data-widget_type=\"accordion.default\">\n\t\t\t\t\t\t\t<div class=\"elementor-accordion\">\n\t\t\t\t\t\t\t<div class=\"elementor-accordion-item\">\n\t\t\t\t\t<div id=\"elementor-tab-title-1991\" class=\"elementor-tab-title\" data-tab=\"1\" role=\"button\" aria-controls=\"elementor-tab-content-1991\" aria-expanded=\"false\">\n\t\t\t\t\t\t\t\t\t\t\t\t\t<span class=\"elementor-accordion-icon elementor-accordion-icon-right\" aria-hidden=\"true\">\n\t\t\t\t\t\t\t\t\t\t\t\t\t\t\t<span class=\"elementor-accordion-icon-closed\"><svg class=\"e-font-icon-svg e-fas-plus\" viewBox=\"0 0 448 512\" xmlns=\"http:\/\/www.w3.org\/2000\/svg\"><path d=\"M416 208H272V64c0-17.67-14.33-32-32-32h-32c-17.67 0-32 14.33-32 32v144H32c-17.67 0-32 14.33-32 32v32c0 17.67 14.33 32 32 32h144v144c0 17.67 14.33 32 32 32h32c17.67 0 32-14.33 32-32V304h144c17.67 0 32-14.33 32-32v-32c0-17.67-14.33-32-32-32z\"><\/path><\/svg><\/span>\n\t\t\t\t\t\t\t\t<span class=\"elementor-accordion-icon-opened\"><svg class=\"e-font-icon-svg e-fas-minus\" viewBox=\"0 0 448 512\" xmlns=\"http:\/\/www.w3.org\/2000\/svg\"><path d=\"M416 208H32c-17.67 0-32 14.33-32 32v32c0 17.67 14.33 32 32 32h384c17.67 0 32-14.33 32-32v-32c0-17.67-14.33-32-32-32z\"><\/path><\/svg><\/span>\n\t\t\t\t\t\t\t\t\t\t\t\t\t\t<\/span>\n\t\t\t\t\t\t\t\t\t\t\t\t<a class=\"elementor-accordion-title\" tabindex=\"0\">Mesajlar i\u00e7in u\u00e7tan uca \u015fifreleme \/ mesaj g\u00fcvenli\u011fi<\/a>\n\t\t\t\t\t<\/div>\n\t\t\t\t\t<div id=\"elementor-tab-content-1991\" class=\"elementor-tab-content elementor-clearfix\" data-tab=\"1\" role=\"region\" aria-labelledby=\"elementor-tab-title-1991\"><p>T\u00fcm mesajlar\u0131n\u0131z u\u00e7tan uca \u015fifreleme ile korunmaktad\u0131r. Bu sayede yaln\u0131zca siz ve bizim ekibimiz mesaj i\u00e7eriklerini g\u00f6rebilir, \u00fc\u00e7\u00fcnc\u00fc ki\u015filer eri\u015femez.<\/p><\/div>\n\t\t\t\t<\/div>\n\t\t\t\t\t\t\t\t\t\t<script type=\"application\/ld+json\">{\"@context\":\"https:\\\/\\\/schema.org\",\"@type\":\"FAQPage\",\"mainEntity\":[{\"@type\":\"Question\",\"name\":\"Mesajlar i\\u00e7in u\\u00e7tan uca \\u015fifreleme \\\/ mesaj g\\u00fcvenli\\u011fi\",\"acceptedAnswer\":{\"@type\":\"Answer\",\"text\":\"<p>T\\u00fcm mesajlar\\u0131n\\u0131z u\\u00e7tan uca \\u015fifreleme ile korunmaktad\\u0131r. Bu sayede yaln\\u0131zca siz ve bizim ekibimiz mesaj i\\u00e7eriklerini g\\u00f6rebilir, \\u00fc\\u00e7\\u00fcnc\\u00fc ki\\u015filer eri\\u015femez.<\\\/p>\"}}]}<\/script>\n\t\t\t\t\t<\/div>\n\t\t\t\t\t\t<\/div>\n\t\t\t\t\t<\/div>\n\t\t<\/div>\n\t\t\t\t\t<\/div>\n\t\t<\/section>\n\t\t\t\t<\/div>\n\t\t","protected":false},"excerpt":{"rendered":"<p>MERAK ETT\u0130KLER\u0130N\u0130Z S\u0131k\u00e7a Sorulan Sorular Bu b\u00f6l\u00fcmde \u00fcr\u00fcnlerimiz ve hizmetlerimizle ilgili en s\u0131k merak edilen sorular\u0131n yan\u0131tlar\u0131n\u0131 bulabilirsiniz. Akla tak\u0131lan noktalar\u0131 h\u0131zl\u0131ca \u00f6\u011frenerek al\u0131\u015fveri\u015finizi daha bilin\u00e7li ve kolay \u015fekilde yapabilirsiniz. Size nas\u0131l yard\u0131mc\u0131 olabiliriz? Sorular\u0131n\u0131z\u0131 yan\u0131tlamak, do\u011fru \u00fcr\u00fcn\u00fc se\u00e7menize yard\u0131mc\u0131 olmak ve sipari\u015f s\u00fcrecinizi kolayla\u015ft\u0131rmak i\u00e7in buraday\u0131z. \u0130ade Politikas\u0131 nedir? \u00dcr\u00fcnlerimizle ilgili herhangi bir sorun&#8230;<\/p>\n","protected":false},"author":1,"featured_media":0,"parent":0,"menu_order":0,"comment_status":"closed","ping_status":"closed","template":"","meta":{"_bst_post_transparent":"","_bst_post_title":"default","_bst_post_layout":"default","_bst_post_sidebar_id":"","_bst_post_content_style":"unboxed","_bst_post_vertical_padding":"default","_bst_post_feature":"hide","_bst_post_feature_position":"","_bst_post_header":false,"_bst_post_footer":false,"footnotes":""},"class_list":["post-60","page","type-page","status-publish","hentry"],"_links":{"self":[{"href":"https:\/\/herbalonline.org\/index.php?rest_route=\/wp\/v2\/pages\/60","targetHints":{"allow":["GET"]}}],"collection":[{"href":"https:\/\/herbalonline.org\/index.php?rest_route=\/wp\/v2\/pages"}],"about":[{"href":"https:\/\/herbalonline.org\/index.php?rest_route=\/wp\/v2\/types\/page"}],"author":[{"embeddable":true,"href":"https:\/\/herbalonline.org\/index.php?rest_route=\/wp\/v2\/users\/1"}],"replies":[{"embeddable":true,"href":"https:\/\/herbalonline.org\/index.php?rest_route=%2Fwp%2Fv2%2Fcomments&post=60"}],"version-history":[{"count":16,"href":"https:\/\/herbalonline.org\/index.php?rest_route=\/wp\/v2\/pages\/60\/revisions"}],"predecessor-version":[{"id":1353,"href":"https:\/\/herbalonline.org\/index.php?rest_route=\/wp\/v2\/pages\/60\/revisions\/1353"}],"wp:attachment":[{"href":"https:\/\/herbalonline.org\/index.php?rest_route=%2Fwp%2Fv2%2Fmedia&parent=60"}],"curies":[{"name":"wp","href":"https:\/\/api.w.org\/{rel}","templated":true}]}}