{"id":1114,"date":"2025-10-09T09:53:31","date_gmt":"2025-10-09T09:53:31","guid":{"rendered":"https:\/\/herbalonline.org\/?post_type=product&#038;p=1114"},"modified":"2026-01-02T09:14:20","modified_gmt":"2026-01-02T09:14:20","slug":"xtra-cal-herbalife-kalsiyum-takviyesi","status":"publish","type":"product","link":"https:\/\/herbalonline.org\/?product=xtra-cal-herbalife-kalsiyum-takviyesi","title":{"rendered":"Xtra-Cal Herbalife Kalsiyum takviyesi"},"content":{"rendered":"<p>Xtra-Cal Herbalife kalsiyum takviyesi<\/p>\n<p>-90 tablet i\u00e7erir.<\/p>\n<p>-Zengin kalsiyum ve D vitamini i\u00e7erir.<\/p>\n<p>-Kemiklerin ve di\u015flerin ideal bir \u015fekilde korunmas\u0131na yard\u0131mc\u0131 olur.<\/p>\n<p>&nbsp;<\/p>\n","protected":false},"excerpt":{"rendered":"<p>Xtra-Cal Herbalife kalsiyum takviyesi<\/p>\n<p>-90 tablet i\u00e7erir.<\/p>\n<p>-Zengin kalsiyum ve D vitamini i\u00e7erir.<\/p>\n<p>-Kemiklerin ve di\u015flerin ideal bir \u015fekilde korunmas\u0131na yard\u0131mc\u0131 olur.<\/p>\n<p>&nbsp;<\/p>\n","protected":false},"featured_media":1101,"comment_status":"open","ping_status":"closed","template":"","meta":{"_bst_post_transparent":"default","_bst_post_title":"","_bst_post_layout":"default","_bst_post_sidebar_id":"","_bst_post_content_style":"default","_bst_post_vertical_padding":"default","_bst_post_feature":"","_bst_post_feature_position":"","_bst_post_header":false,"_bst_post_footer":false},"product_brand":[],"product_cat":[114],"product_tag":[],"product_brands":[],"class_list":{"0":"post-1114","1":"product","2":"type-product","3":"status-publish","4":"has-post-thumbnail","6":"product_cat-takviye","8":"first","9":"instock","10":"sale","11":"shipping-taxable","12":"purchasable","13":"product-type-simple","14":"entry","15":"content-bg","16":"loop-entry"},"_links":{"self":[{"href":"https:\/\/herbalonline.org\/index.php?rest_route=\/wp\/v2\/product\/1114","targetHints":{"allow":["GET"]}}],"collection":[{"href":"https:\/\/herbalonline.org\/index.php?rest_route=\/wp\/v2\/product"}],"about":[{"href":"https:\/\/herbalonline.org\/index.php?rest_route=\/wp\/v2\/types\/product"}],"replies":[{"embeddable":true,"href":"https:\/\/herbalonline.org\/index.php?rest_route=%2Fwp%2Fv2%2Fcomments&post=1114"}],"wp:featuredmedia":[{"embeddable":true,"href":"https:\/\/herbalonline.org\/index.php?rest_route=\/wp\/v2\/media\/1101"}],"wp:attachment":[{"href":"https:\/\/herbalonline.org\/index.php?rest_route=%2Fwp%2Fv2%2Fmedia&parent=1114"}],"wp:term":[{"taxonomy":"product_brand","embeddable":true,"href":"https:\/\/herbalonline.org\/index.php?rest_route=%2Fwp%2Fv2%2Fproduct_brand&post=1114"},{"taxonomy":"product_cat","embeddable":true,"href":"https:\/\/herbalonline.org\/index.php?rest_route=%2Fwp%2Fv2%2Fproduct_cat&post=1114"},{"taxonomy":"product_tag","embeddable":true,"href":"https:\/\/herbalonline.org\/index.php?rest_route=%2Fwp%2Fv2%2Fproduct_tag&post=1114"},{"taxonomy":"product_brands","embeddable":true,"href":"https:\/\/herbalonline.org\/index.php?rest_route=%2Fwp%2Fv2%2Fproduct_brands&post=1114"}],"curies":[{"name":"wp","href":"https:\/\/api.w.org\/{rel}","templated":true}]}}