{"id":1120,"date":"2025-10-09T10:04:34","date_gmt":"2025-10-09T10:04:34","guid":{"rendered":"https:\/\/herbalonline.org\/?post_type=product&#038;p=1120"},"modified":"2026-01-02T09:08:46","modified_gmt":"2026-01-02T09:08:46","slug":"formul-1-besleyici-shake-karisimi-vanilya-aromali-500g","status":"publish","type":"product","link":"https:\/\/herbalonline.org\/?product=formul-1-besleyici-shake-karisimi-vanilya-aromali-500g","title":{"rendered":"Form\u00fcl 1 Besleyici Shake kar\u0131\u015f\u0131m\u0131 Vanilya aromal\u0131 500g"},"content":{"rendered":"<div>Form\u00fcl 1 Besleyici Shake kar\u0131\u015f\u0131m\u0131 Vanilya aromal\u0131 500g<\/div>\n<div><\/div>\n<div>-25 vitamin ve mineral i\u00e7erir.<\/div>\n<div><\/div>\n<div>-Glutensiz ve vegan beslenmeye uygundur.<\/div>\n<div><\/div>\n<div>-Lif i\u00e7eri\u011fi y\u00fcksektir (sindirim sa\u011fl\u0131\u011f\u0131n\u0131 destekler).<\/div>\n<div><\/div>\n<div>-Her porsiyon sadece 226 kalori i\u00e7erir.<\/div>\n","protected":false},"excerpt":{"rendered":"<div>Form\u00fcl 1 Besleyici Shake kar\u0131\u015f\u0131m\u0131 Vanilya aromal\u0131 500g<\/div>\n<div><\/div>\n<div>-25 vitamin ve mineral i\u00e7erir.<\/div>\n<div><\/div>\n<div>-Glutensiz ve vegan beslenmeye uygundur.<\/div>\n<div><\/div>\n<div>-Lif i\u00e7eri\u011fi y\u00fcksektir (sindirim sa\u011fl\u0131\u011f\u0131n\u0131 destekler).<\/div>\n<div><\/div>\n<div>-Her porsiyon sadece 226 kalori i\u00e7erir.<\/div>\n","protected":false},"featured_media":1107,"comment_status":"open","ping_status":"closed","template":"","meta":{"_bst_post_transparent":"default","_bst_post_title":"","_bst_post_layout":"default","_bst_post_sidebar_id":"","_bst_post_content_style":"default","_bst_post_vertical_padding":"default","_bst_post_feature":"","_bst_post_feature_position":"","_bst_post_header":false,"_bst_post_footer":false},"product_brand":[],"product_cat":[110],"product_tag":[],"product_brands":[],"class_list":{"0":"post-1120","1":"product","2":"type-product","3":"status-publish","4":"has-post-thumbnail","6":"product_cat-formul-1-shake","8":"first","9":"instock","10":"sale","11":"shipping-taxable","12":"purchasable","13":"product-type-simple","14":"entry","15":"content-bg","16":"loop-entry"},"_links":{"self":[{"href":"https:\/\/herbalonline.org\/index.php?rest_route=\/wp\/v2\/product\/1120","targetHints":{"allow":["GET"]}}],"collection":[{"href":"https:\/\/herbalonline.org\/index.php?rest_route=\/wp\/v2\/product"}],"about":[{"href":"https:\/\/herbalonline.org\/index.php?rest_route=\/wp\/v2\/types\/product"}],"replies":[{"embeddable":true,"href":"https:\/\/herbalonline.org\/index.php?rest_route=%2Fwp%2Fv2%2Fcomments&post=1120"}],"wp:featuredmedia":[{"embeddable":true,"href":"https:\/\/herbalonline.org\/index.php?rest_route=\/wp\/v2\/media\/1107"}],"wp:attachment":[{"href":"https:\/\/herbalonline.org\/index.php?rest_route=%2Fwp%2Fv2%2Fmedia&parent=1120"}],"wp:term":[{"taxonomy":"product_brand","embeddable":true,"href":"https:\/\/herbalonline.org\/index.php?rest_route=%2Fwp%2Fv2%2Fproduct_brand&post=1120"},{"taxonomy":"product_cat","embeddable":true,"href":"https:\/\/herbalonline.org\/index.php?rest_route=%2Fwp%2Fv2%2Fproduct_cat&post=1120"},{"taxonomy":"product_tag","embeddable":true,"href":"https:\/\/herbalonline.org\/index.php?rest_route=%2Fwp%2Fv2%2Fproduct_tag&post=1120"},{"taxonomy":"product_brands","embeddable":true,"href":"https:\/\/herbalonline.org\/index.php?rest_route=%2Fwp%2Fv2%2Fproduct_brands&post=1120"}],"curies":[{"name":"wp","href":"https:\/\/api.w.org\/{rel}","templated":true}]}}