{"id":233,"date":"2024-10-06T00:00:00","date_gmt":"2023-10-06T06:30:48","guid":{"rendered":"https:\/\/wordpressthemes.live\/WCG2\/WCM38_bigshopper\/organic\/?post_type=product&#038;p=233"},"modified":"2026-01-02T09:40:48","modified_gmt":"2026-01-02T09:40:48","slug":"potato-per-kg-approx-950-g-1000-g","status":"publish","type":"product","link":"https:\/\/herbalonline.org\/?product=potato-per-kg-approx-950-g-1000-g","title":{"rendered":"Ba\u015flang\u0131\u00e7 Program\u0131"},"content":{"rendered":"<p>:\ud83c\udf3f Ba\u015flang\u0131\u00e7 Program\u0131<\/p>\n<p>Sa\u011fl\u0131kl\u0131 ya\u015fam yolculu\u011funuza g\u00fc\u00e7l\u00fc bir ba\u015flang\u0131\u00e7 yap\u0131n!<\/p>\n<ul>\n<li><strong>Form\u00fcl 1 Shake<\/strong>: Dengeli beslenme i\u00e7in \u00f6\u011f\u00fcn alternatifi. Protein, vitamin ve minerallerle g\u00fcnl\u00fck ihtiyac\u0131n\u0131z\u0131 kar\u015f\u0131lamaya yard\u0131mc\u0131 olur.<\/li>\n<li><strong>\u00c7ay ve Bitki Ekstreli Aromal\u0131 \u0130\u00e7ecek Tozu (51 gr)<\/strong>: G\u00fcn boyu enerji ve canl\u0131l\u0131k sa\u011flayan bitki \u00f6zleriyle metabolizman\u0131z\u0131 destekler.<\/li>\n<li><strong>Aloe Vera<\/strong>: Sindirim sisteminizi rahatlat\u0131r, ferahl\u0131k ve i\u00e7sel denge sunar.<\/li>\n<li><strong>Shaker Hediye \ud83c\udf81<\/strong>: Pratik, \u015f\u0131k ve kolay kullan\u0131m i\u00e7in \u00f6zel shaker.<\/li>\n<\/ul>\n<p>\u2728 Bu paket, sa\u011fl\u0131kl\u0131 ya\u015fam hedeflerinize ad\u0131m atarken ihtiyac\u0131n\u0131z olan temel \u00fcr\u00fcnleri bir araya getiriyor. Hem g\u00fcnl\u00fck rutininize kolayca uyum sa\u011flar hem de motivasyonunuzu art\u0131r\u0131r.<\/p>\n<div><\/div>\n","protected":false},"excerpt":{"rendered":"<p>\ud83c\udf3f Ba\u015flang\u0131\u00e7 Program\u0131<\/p>\n<p>Sa\u011fl\u0131kl\u0131 ya\u015fam yolculu\u011funuza g\u00fc\u00e7l\u00fc bir ba\u015flang\u0131\u00e7 yap\u0131n!<\/p>\n<ul>\n<li><strong>Form\u00fcl 1 Shake<\/strong>: Dengeli beslenme i\u00e7in \u00f6\u011f\u00fcn alternatifi. Protein, vitamin ve minerallerle g\u00fcnl\u00fck ihtiyac\u0131n\u0131z\u0131 kar\u015f\u0131lamaya yard\u0131mc\u0131 olur.<\/li>\n<li><strong>\u00c7ay ve Bitki Ekstreli Aromal\u0131 \u0130\u00e7ecek Tozu (102 gr)<\/strong>: G\u00fcn boyu enerji ve canl\u0131l\u0131k sa\u011flayan bitki \u00f6zleriyle metabolizman\u0131z\u0131 destekler.<\/li>\n<li><strong>Aloe Vera<\/strong>: Sindirim sisteminizi rahatlat\u0131r, ferahl\u0131k ve i\u00e7sel denge sunar.<\/li>\n<li><strong>Shaker Hediye \ud83c\udf81<\/strong>: Pratik, \u015f\u0131k ve kolay kullan\u0131m i\u00e7in \u00f6zel shaker.<\/li>\n<\/ul>\n<p>\u2728 Bu paket, sa\u011fl\u0131kl\u0131 ya\u015fam hedeflerinize ad\u0131m atarken ihtiyac\u0131n\u0131z olan temel \u00fcr\u00fcnleri bir araya getiriyor. Hem g\u00fcnl\u00fck rutininize kolayca uyum sa\u011flar hem de motivasyonunuzu art\u0131r\u0131r.<\/p>\n<div><\/div>\n","protected":false},"featured_media":1076,"comment_status":"open","ping_status":"closed","template":"","meta":{"_bst_post_transparent":"default","_bst_post_title":"","_bst_post_layout":"default","_bst_post_sidebar_id":"","_bst_post_content_style":"default","_bst_post_vertical_padding":"default","_bst_post_feature":"","_bst_post_feature_position":"","_bst_post_header":false,"_bst_post_footer":false},"product_brand":[],"product_cat":[109],"product_tag":[],"product_brands":[],"class_list":{"0":"post-233","1":"product","2":"type-product","3":"status-publish","4":"has-post-thumbnail","6":"product_cat-kilo-kontrol-setleri","8":"first","9":"instock","10":"sale","11":"featured","12":"shipping-taxable","13":"purchasable","14":"product-type-simple","15":"entry","16":"content-bg","17":"loop-entry"},"_links":{"self":[{"href":"https:\/\/herbalonline.org\/index.php?rest_route=\/wp\/v2\/product\/233","targetHints":{"allow":["GET"]}}],"collection":[{"href":"https:\/\/herbalonline.org\/index.php?rest_route=\/wp\/v2\/product"}],"about":[{"href":"https:\/\/herbalonline.org\/index.php?rest_route=\/wp\/v2\/types\/product"}],"replies":[{"embeddable":true,"href":"https:\/\/herbalonline.org\/index.php?rest_route=%2Fwp%2Fv2%2Fcomments&post=233"}],"wp:featuredmedia":[{"embeddable":true,"href":"https:\/\/herbalonline.org\/index.php?rest_route=\/wp\/v2\/media\/1076"}],"wp:attachment":[{"href":"https:\/\/herbalonline.org\/index.php?rest_route=%2Fwp%2Fv2%2Fmedia&parent=233"}],"wp:term":[{"taxonomy":"product_brand","embeddable":true,"href":"https:\/\/herbalonline.org\/index.php?rest_route=%2Fwp%2Fv2%2Fproduct_brand&post=233"},{"taxonomy":"product_cat","embeddable":true,"href":"https:\/\/herbalonline.org\/index.php?rest_route=%2Fwp%2Fv2%2Fproduct_cat&post=233"},{"taxonomy":"product_tag","embeddable":true,"href":"https:\/\/herbalonline.org\/index.php?rest_route=%2Fwp%2Fv2%2Fproduct_tag&post=233"},{"taxonomy":"product_brands","embeddable":true,"href":"https:\/\/herbalonline.org\/index.php?rest_route=%2Fwp%2Fv2%2Fproduct_brands&post=233"}],"curies":[{"name":"wp","href":"https:\/\/api.w.org\/{rel}","templated":true}]}}