{"id":240,"date":"2024-10-06T00:00:00","date_gmt":"2023-10-06T07:23:40","guid":{"rendered":"https:\/\/wordpressthemes.live\/WCG2\/WCM38_bigshopper\/organic\/?post_type=product&#038;p=240"},"modified":"2026-01-02T09:24:19","modified_gmt":"2026-01-02T09:24:19","slug":"coconut-kalash-5-pcs-pack-approx-1600-g-2000-g","status":"publish","type":"product","link":"https:\/\/herbalonline.org\/?product=coconut-kalash-5-pcs-pack-approx-1600-g-2000-g","title":{"rendered":"Detoks Program\u0131"},"content":{"rendered":"<h2>\ud83c\udf31 DETOKS PROGRAMI<\/h2>\n<p>V\u00fccudunu ar\u0131nd\u0131r, enerjini yenile!<\/p>\n<ul>\n<li><strong>Aloe Vera<\/strong>: Sindirim sistemini destekler, do\u011fal ferahl\u0131k sa\u011flar.<\/li>\n<li><strong>Bitkisel Konsantre Herbalife \u00c7ay\u0131 (101 gr)<\/strong>: Metabolizman\u0131 h\u0131zland\u0131r\u0131r, g\u00fcn boyu canl\u0131l\u0131k verir.<\/li>\n<li><strong>Thermo Complete<\/strong>: Enerji seviyeni y\u00fckseltir, ya\u011f yak\u0131m\u0131n\u0131 destekler.<\/li>\n<\/ul>\n<p>\u2728 Bu \u00f6zel program, toksinlerden ar\u0131nmak ve daha hafif hissetmek isteyenler i\u00e7in tasarland\u0131. G\u00fcnl\u00fck rutininize kolayca uyum sa\u011flar, hem pratik hem etkili!<\/p>\n<p>\ud83d\udc49 <strong>\u015eimdi Detoks Program\u0131 ile kendini yenilemeye ba\u015fla!<\/strong><\/p>\n<p>e<\/p>\n","protected":false},"excerpt":{"rendered":"<h2>\ud83c\udf31 DETOKS PROGRAMI<\/h2>\n<p>V\u00fccudunu ar\u0131nd\u0131r, enerjini yenile!<\/p>\n<ul>\n<li><strong>Aloe Vera<\/strong>: Sindirim sistemini destekler, do\u011fal ferahl\u0131k sa\u011flar.<\/li>\n<li><strong>Bitkisel Konsantre Herbalife \u00c7ay\u0131 (101 gr)<\/strong>: Metabolizman\u0131 h\u0131zland\u0131r\u0131r, g\u00fcn boyu canl\u0131l\u0131k verir.<\/li>\n<li><strong>Thermo Complete<\/strong>: Enerji seviyeni y\u00fckseltir, ya\u011f yak\u0131m\u0131n\u0131 destekler.<\/li>\n<\/ul>\n<p>\u2728 Bu \u00f6zel program, toksinlerden ar\u0131nmak ve daha hafif hissetmek isteyenler i\u00e7in tasarland\u0131. G\u00fcnl\u00fck rutininize kolayca uyum sa\u011flar, hem pratik hem etkili!<\/p>\n<p>\ud83d\udc49 <strong>\u015eimdi Detoks Program\u0131 ile kendini yenilemeye ba\u015fla!<\/strong><\/p>\n","protected":false},"featured_media":1073,"comment_status":"open","ping_status":"closed","template":"","meta":{"_bst_post_transparent":"default","_bst_post_title":"","_bst_post_layout":"default","_bst_post_sidebar_id":"","_bst_post_content_style":"default","_bst_post_vertical_padding":"default","_bst_post_feature":"","_bst_post_feature_position":"","_bst_post_header":false,"_bst_post_footer":false},"product_brand":[],"product_cat":[109],"product_tag":[],"product_brands":[],"class_list":{"0":"post-240","1":"product","2":"type-product","3":"status-publish","4":"has-post-thumbnail","6":"product_cat-kilo-kontrol-setleri","8":"first","9":"instock","10":"sale","11":"featured","12":"shipping-taxable","13":"purchasable","14":"product-type-simple","15":"entry","16":"content-bg","17":"loop-entry"},"_links":{"self":[{"href":"https:\/\/herbalonline.org\/index.php?rest_route=\/wp\/v2\/product\/240","targetHints":{"allow":["GET"]}}],"collection":[{"href":"https:\/\/herbalonline.org\/index.php?rest_route=\/wp\/v2\/product"}],"about":[{"href":"https:\/\/herbalonline.org\/index.php?rest_route=\/wp\/v2\/types\/product"}],"replies":[{"embeddable":true,"href":"https:\/\/herbalonline.org\/index.php?rest_route=%2Fwp%2Fv2%2Fcomments&post=240"}],"wp:featuredmedia":[{"embeddable":true,"href":"https:\/\/herbalonline.org\/index.php?rest_route=\/wp\/v2\/media\/1073"}],"wp:attachment":[{"href":"https:\/\/herbalonline.org\/index.php?rest_route=%2Fwp%2Fv2%2Fmedia&parent=240"}],"wp:term":[{"taxonomy":"product_brand","embeddable":true,"href":"https:\/\/herbalonline.org\/index.php?rest_route=%2Fwp%2Fv2%2Fproduct_brand&post=240"},{"taxonomy":"product_cat","embeddable":true,"href":"https:\/\/herbalonline.org\/index.php?rest_route=%2Fwp%2Fv2%2Fproduct_cat&post=240"},{"taxonomy":"product_tag","embeddable":true,"href":"https:\/\/herbalonline.org\/index.php?rest_route=%2Fwp%2Fv2%2Fproduct_tag&post=240"},{"taxonomy":"product_brands","embeddable":true,"href":"https:\/\/herbalonline.org\/index.php?rest_route=%2Fwp%2Fv2%2Fproduct_brands&post=240"}],"curies":[{"name":"wp","href":"https:\/\/api.w.org\/{rel}","templated":true}]}}