{"id":241,"date":"2024-10-06T00:00:00","date_gmt":"2023-10-06T07:25:57","guid":{"rendered":"https:\/\/wordpressthemes.live\/WCG2\/WCM38_bigshopper\/organic\/?post_type=product&#038;p=241"},"modified":"2026-01-02T09:43:48","modified_gmt":"2026-01-02T09:43:48","slug":"coconut-tender-premium-indian-3-pc-approx-1pcs-10pcs","status":"publish","type":"product","link":"https:\/\/herbalonline.org\/?product=coconut-tender-premium-indian-3-pc-approx-1pcs-10pcs","title":{"rendered":"Herbalife Night Mode Papatya &#038; \u015eeftali aromal\u0131 180g"},"content":{"rendered":"<p>Herbalife Night Mode Papatya &amp; \u015eeftali aromal\u0131 180g<\/p>\n<p>-Gece t\u00fcketimi i\u00e7in \u00f6zel form\u00fcl.<\/p>\n<p>-B6 vitamini ve Riboflavin deste\u011fi<\/p>\n<p>-Yorgunluk ve bitkinli\u011fin azalt\u0131lmas\u0131n\u0131 destekler.<\/p>\n<p>-Sinir sisteminin normal i\u015fleyi\u015fine yard\u0131mc\u0131 olur.<\/p>\n<p>-Glutensiz, \u015fekersiz ve kafeinsizdir.<\/p>\n<p>-Vegand\u0131r ve y\u00fcksek lif i\u00e7erir.<\/p>\n<p>-Laktoz, koruyucu ve tadland\u0131r\u0131c\u0131 i\u00e7ermez.<\/p>\n","protected":false},"excerpt":{"rendered":"<ul>\n<li>Herbalife Night Mode Papatya &amp; \u015eeftali aromal\u0131 180g-Gece t\u00fcketimi i\u00e7in \u00f6zel form\u00fcl.-B6 vitamini ve Riboflavin deste\u011fi-Yorgunluk ve bitkinli\u011fin azalt\u0131lmas\u0131n\u0131 destekler.-Sinir sisteminin normal i\u015fleyi\u015fine yard\u0131mc\u0131 olur.\n<p>-Glutensiz, \u015fekersiz ve kafeinsizdir.<\/p>\n<p>-Vegand\u0131r ve y\u00fcksek lif i\u00e7erir.<\/p>\n<p>-Laktoz, koruyucu ve tadland\u0131r\u0131c\u0131 i\u00e7ermez.<\/li>\n<\/ul>\n","protected":false},"featured_media":1072,"comment_status":"open","ping_status":"closed","template":"","meta":{"_bst_post_transparent":"default","_bst_post_title":"","_bst_post_layout":"default","_bst_post_sidebar_id":"","_bst_post_content_style":"default","_bst_post_vertical_padding":"default","_bst_post_feature":"","_bst_post_feature_position":"","_bst_post_header":false,"_bst_post_footer":false},"product_brand":[],"product_cat":[114],"product_tag":[],"product_brands":[],"class_list":{"0":"post-241","1":"product","2":"type-product","3":"status-publish","4":"has-post-thumbnail","6":"product_cat-takviye","8":"first","9":"instock","10":"sale","11":"featured","12":"shipping-taxable","13":"purchasable","14":"product-type-simple","15":"entry","16":"content-bg","17":"loop-entry"},"_links":{"self":[{"href":"https:\/\/herbalonline.org\/index.php?rest_route=\/wp\/v2\/product\/241","targetHints":{"allow":["GET"]}}],"collection":[{"href":"https:\/\/herbalonline.org\/index.php?rest_route=\/wp\/v2\/product"}],"about":[{"href":"https:\/\/herbalonline.org\/index.php?rest_route=\/wp\/v2\/types\/product"}],"replies":[{"embeddable":true,"href":"https:\/\/herbalonline.org\/index.php?rest_route=%2Fwp%2Fv2%2Fcomments&post=241"}],"wp:featuredmedia":[{"embeddable":true,"href":"https:\/\/herbalonline.org\/index.php?rest_route=\/wp\/v2\/media\/1072"}],"wp:attachment":[{"href":"https:\/\/herbalonline.org\/index.php?rest_route=%2Fwp%2Fv2%2Fmedia&parent=241"}],"wp:term":[{"taxonomy":"product_brand","embeddable":true,"href":"https:\/\/herbalonline.org\/index.php?rest_route=%2Fwp%2Fv2%2Fproduct_brand&post=241"},{"taxonomy":"product_cat","embeddable":true,"href":"https:\/\/herbalonline.org\/index.php?rest_route=%2Fwp%2Fv2%2Fproduct_cat&post=241"},{"taxonomy":"product_tag","embeddable":true,"href":"https:\/\/herbalonline.org\/index.php?rest_route=%2Fwp%2Fv2%2Fproduct_tag&post=241"},{"taxonomy":"product_brands","embeddable":true,"href":"https:\/\/herbalonline.org\/index.php?rest_route=%2Fwp%2Fv2%2Fproduct_brands&post=241"}],"curies":[{"name":"wp","href":"https:\/\/api.w.org\/{rel}","templated":true}]}}