{"id":247,"date":"2024-10-06T00:00:00","date_gmt":"2023-10-06T07:37:01","guid":{"rendered":"https:\/\/wordpressthemes.live\/WCG2\/WCM38_bigshopper\/organic\/?post_type=product&#038;p=247"},"modified":"2026-01-02T09:20:27","modified_gmt":"2026-01-02T09:20:27","slug":"green-chilli-200-g-approx-180-g-200-g","status":"publish","type":"product","link":"https:\/\/herbalonline.org\/?product=green-chilli-200-g-approx-180-g-200-g","title":{"rendered":"Liftoff Efervesan \u0130\u00e7ecek Limon aromal\u0131"},"content":{"rendered":"<p>Liftoff Efervesan \u0130\u00e7ecek Limon aromal\u0131<\/p>\n<p>-10`lu efervasan tablet i\u00e7erir.<\/p>\n<p>-\u0130nositol,Taurin ve Guarana i\u00e7erir.<\/p>\n<p>-G\u00fcnl\u00fck B ve C vitamini al\u0131m\u0131n\u0131 destekler.<\/p>\n<p>-Enerji ihitiyac\u0131n\u0131n kar\u015f\u0131lanmas\u0131na yard\u0131mc\u0131 olur.<\/p>\n","protected":false},"excerpt":{"rendered":"<ul>\n<li>Liftoff Efervesan \u0130\u00e7ecek Limon aromal\u0131-10`lu efervasan tablet i\u00e7erir.-\u0130nositol,Taurin ve Guarana i\u00e7erir.-G\u00fcnl\u00fck B ve C vitamini al\u0131m\u0131n\u0131 destekler.\n<p>-Enerji ihitiyac\u0131n\u0131n kar\u015f\u0131lanmas\u0131na yard\u0131mc\u0131 olur.<\/li>\n<\/ul>\n","protected":false},"featured_media":1066,"comment_status":"open","ping_status":"closed","template":"","meta":{"_bst_post_transparent":"default","_bst_post_title":"","_bst_post_layout":"default","_bst_post_sidebar_id":"","_bst_post_content_style":"default","_bst_post_vertical_padding":"default","_bst_post_feature":"","_bst_post_feature_position":"","_bst_post_header":false,"_bst_post_footer":false},"product_brand":[],"product_cat":[114],"product_tag":[],"product_brands":[],"class_list":{"0":"post-247","1":"product","2":"type-product","3":"status-publish","4":"has-post-thumbnail","6":"product_cat-takviye","8":"first","9":"instock","10":"sale","11":"featured","12":"shipping-taxable","13":"purchasable","14":"product-type-simple","15":"entry","16":"content-bg","17":"loop-entry"},"_links":{"self":[{"href":"https:\/\/herbalonline.org\/index.php?rest_route=\/wp\/v2\/product\/247","targetHints":{"allow":["GET"]}}],"collection":[{"href":"https:\/\/herbalonline.org\/index.php?rest_route=\/wp\/v2\/product"}],"about":[{"href":"https:\/\/herbalonline.org\/index.php?rest_route=\/wp\/v2\/types\/product"}],"replies":[{"embeddable":true,"href":"https:\/\/herbalonline.org\/index.php?rest_route=%2Fwp%2Fv2%2Fcomments&post=247"}],"wp:featuredmedia":[{"embeddable":true,"href":"https:\/\/herbalonline.org\/index.php?rest_route=\/wp\/v2\/media\/1066"}],"wp:attachment":[{"href":"https:\/\/herbalonline.org\/index.php?rest_route=%2Fwp%2Fv2%2Fmedia&parent=247"}],"wp:term":[{"taxonomy":"product_brand","embeddable":true,"href":"https:\/\/herbalonline.org\/index.php?rest_route=%2Fwp%2Fv2%2Fproduct_brand&post=247"},{"taxonomy":"product_cat","embeddable":true,"href":"https:\/\/herbalonline.org\/index.php?rest_route=%2Fwp%2Fv2%2Fproduct_cat&post=247"},{"taxonomy":"product_tag","embeddable":true,"href":"https:\/\/herbalonline.org\/index.php?rest_route=%2Fwp%2Fv2%2Fproduct_tag&post=247"},{"taxonomy":"product_brands","embeddable":true,"href":"https:\/\/herbalonline.org\/index.php?rest_route=%2Fwp%2Fv2%2Fproduct_brands&post=247"}],"curies":[{"name":"wp","href":"https:\/\/api.w.org\/{rel}","templated":true}]}}