{"id":248,"date":"2024-10-06T00:00:00","date_gmt":"2023-10-06T07:38:56","guid":{"rendered":"https:\/\/wordpressthemes.live\/WCG2\/WCM38_bigshopper\/organic\/?post_type=product&#038;p=248"},"modified":"2026-01-02T09:19:56","modified_gmt":"2026-01-02T09:19:56","slug":"pineapple-queen-1-pc-approx-450-g-2200-g","status":"publish","type":"product","link":"https:\/\/herbalonline.org\/?product=pineapple-queen-1-pc-approx-450-g-2200-g","title":{"rendered":"Herbalifeline Max Omega3 bal\u0131k ya\u011f\u0131"},"content":{"rendered":"<p>Herbalifeline Max Omega3 bal\u0131k ya\u011f\u0131<\/p>\n<p>-30 tablet i\u00e7erir.<\/p>\n<p>-Y\u00fcksek EPA ve DHA i\u00e7erir.<\/p>\n<p>-Vejetaryan jel kaps\u00fcllerden olu\u015fur.<\/p>\n","protected":false},"excerpt":{"rendered":"<ul>\n<li>Herbalifeline Max Omega3 bal\u0131k ya\u011f\u0131-30 tablet i\u00e7erir.-Y\u00fcksek EPA ve DHA i\u00e7erir.-Vejetaryan jel kaps\u00fcllerden olu\u015fur.<\/li>\n<\/ul>\n","protected":false},"featured_media":1067,"comment_status":"open","ping_status":"closed","template":"","meta":{"_bst_post_transparent":"default","_bst_post_title":"","_bst_post_layout":"default","_bst_post_sidebar_id":"","_bst_post_content_style":"default","_bst_post_vertical_padding":"default","_bst_post_feature":"","_bst_post_feature_position":"","_bst_post_header":false,"_bst_post_footer":false},"product_brand":[],"product_cat":[114],"product_tag":[],"product_brands":[],"class_list":{"0":"post-248","1":"product","2":"type-product","3":"status-publish","4":"has-post-thumbnail","6":"product_cat-takviye","8":"first","9":"instock","10":"sale","11":"featured","12":"shipping-taxable","13":"purchasable","14":"product-type-simple","15":"entry","16":"content-bg","17":"loop-entry"},"_links":{"self":[{"href":"https:\/\/herbalonline.org\/index.php?rest_route=\/wp\/v2\/product\/248","targetHints":{"allow":["GET"]}}],"collection":[{"href":"https:\/\/herbalonline.org\/index.php?rest_route=\/wp\/v2\/product"}],"about":[{"href":"https:\/\/herbalonline.org\/index.php?rest_route=\/wp\/v2\/types\/product"}],"replies":[{"embeddable":true,"href":"https:\/\/herbalonline.org\/index.php?rest_route=%2Fwp%2Fv2%2Fcomments&post=248"}],"wp:featuredmedia":[{"embeddable":true,"href":"https:\/\/herbalonline.org\/index.php?rest_route=\/wp\/v2\/media\/1067"}],"wp:attachment":[{"href":"https:\/\/herbalonline.org\/index.php?rest_route=%2Fwp%2Fv2%2Fmedia&parent=248"}],"wp:term":[{"taxonomy":"product_brand","embeddable":true,"href":"https:\/\/herbalonline.org\/index.php?rest_route=%2Fwp%2Fv2%2Fproduct_brand&post=248"},{"taxonomy":"product_cat","embeddable":true,"href":"https:\/\/herbalonline.org\/index.php?rest_route=%2Fwp%2Fv2%2Fproduct_cat&post=248"},{"taxonomy":"product_tag","embeddable":true,"href":"https:\/\/herbalonline.org\/index.php?rest_route=%2Fwp%2Fv2%2Fproduct_tag&post=248"},{"taxonomy":"product_brands","embeddable":true,"href":"https:\/\/herbalonline.org\/index.php?rest_route=%2Fwp%2Fv2%2Fproduct_brands&post=248"}],"curies":[{"name":"wp","href":"https:\/\/api.w.org\/{rel}","templated":true}]}}