{"id":249,"date":"2024-10-06T00:00:00","date_gmt":"2023-10-06T07:40:27","guid":{"rendered":"https:\/\/wordpressthemes.live\/WCG2\/WCM38_bigshopper\/organic\/?post_type=product&#038;p=249"},"modified":"2026-01-02T09:42:44","modified_gmt":"2026-01-02T09:42:44","slug":"carrot-orange-500-g-approx-200-g-3000-g","status":"publish","type":"product","link":"https:\/\/herbalonline.org\/?product=carrot-orange-500-g-approx-200-g-3000-g","title":{"rendered":"CR7 Drive A\u00e7ai Aromal\u0131 Sporcu i\u00e7ece\u011fi 540g"},"content":{"rendered":"<p>CR7 Drive A\u00e7ai Aromal\u0131 Sporcu i\u00e7ece\u011fi 540g<\/p>\n<p>-Spor i\u00e7ece\u011fi tozudur.<\/p>\n<p>-Karbonhidrat ve elektrolit i\u00e7eri\u011fi ile uzun s\u00fcreli performanslarda dayan\u0131kl\u0131l\u0131k sa\u011flar.<\/p>\n<p>-Bir kutu 20 porsiyon ve her porsiyon 97 kaloridir.<\/p>\n<p>-Su emilimini artt\u0131rmaya yard\u0131mc\u0131 olur.<\/p>\n<p>-Yasakl\u0131 maddeler testinden ge\u00e7mi\u015ftir, g\u00fcvenle kullan\u0131labilir.<\/p>\n","protected":false},"excerpt":{"rendered":"<ul>\n<li>CR7 Drive A\u00e7ai Aromal\u0131 Sporcu i\u00e7ece\u011fi 540g-Spor i\u00e7ece\u011fi tozudur.-Karbonhidrat ve elektrolit i\u00e7eri\u011fi ile uzun s\u00fcreli performanslarda dayan\u0131kl\u0131l\u0131k sa\u011flar.-Bir kutu 20 porsiyon ve her porsiyon 97 kaloridir.\n<p>-Su emilimini artt\u0131rmaya yard\u0131mc\u0131 olur.<\/p>\n<p>-Yasakl\u0131 maddeler testinden ge\u00e7mi\u015ftir, g\u00fcvenle kullan\u0131labilir.<\/li>\n<\/ul>\n","protected":false},"featured_media":1069,"comment_status":"open","ping_status":"closed","template":"","meta":{"_bst_post_transparent":"default","_bst_post_title":"","_bst_post_layout":"default","_bst_post_sidebar_id":"","_bst_post_content_style":"default","_bst_post_vertical_padding":"default","_bst_post_feature":"","_bst_post_feature_position":"","_bst_post_header":false,"_bst_post_footer":false},"product_brand":[],"product_cat":[113],"product_tag":[],"product_brands":[],"class_list":{"0":"post-249","1":"product","2":"type-product","3":"status-publish","4":"has-post-thumbnail","6":"product_cat-sporculara-ozel","8":"first","9":"instock","10":"sale","11":"featured","12":"shipping-taxable","13":"purchasable","14":"product-type-simple","15":"entry","16":"content-bg","17":"loop-entry"},"_links":{"self":[{"href":"https:\/\/herbalonline.org\/index.php?rest_route=\/wp\/v2\/product\/249","targetHints":{"allow":["GET"]}}],"collection":[{"href":"https:\/\/herbalonline.org\/index.php?rest_route=\/wp\/v2\/product"}],"about":[{"href":"https:\/\/herbalonline.org\/index.php?rest_route=\/wp\/v2\/types\/product"}],"replies":[{"embeddable":true,"href":"https:\/\/herbalonline.org\/index.php?rest_route=%2Fwp%2Fv2%2Fcomments&post=249"}],"wp:featuredmedia":[{"embeddable":true,"href":"https:\/\/herbalonline.org\/index.php?rest_route=\/wp\/v2\/media\/1069"}],"wp:attachment":[{"href":"https:\/\/herbalonline.org\/index.php?rest_route=%2Fwp%2Fv2%2Fmedia&parent=249"}],"wp:term":[{"taxonomy":"product_brand","embeddable":true,"href":"https:\/\/herbalonline.org\/index.php?rest_route=%2Fwp%2Fv2%2Fproduct_brand&post=249"},{"taxonomy":"product_cat","embeddable":true,"href":"https:\/\/herbalonline.org\/index.php?rest_route=%2Fwp%2Fv2%2Fproduct_cat&post=249"},{"taxonomy":"product_tag","embeddable":true,"href":"https:\/\/herbalonline.org\/index.php?rest_route=%2Fwp%2Fv2%2Fproduct_tag&post=249"},{"taxonomy":"product_brands","embeddable":true,"href":"https:\/\/herbalonline.org\/index.php?rest_route=%2Fwp%2Fv2%2Fproduct_brands&post=249"}],"curies":[{"name":"wp","href":"https:\/\/api.w.org\/{rel}","templated":true}]}}